{"id":2119,"date":"2019-02-18T13:35:31","date_gmt":"2019-02-18T12:35:31","guid":{"rendered":"https:\/\/www.capigroup.it\/qualitat\/"},"modified":"2025-07-21T08:35:00","modified_gmt":"2025-07-21T07:35:00","slug":"qualitat","status":"publish","type":"page","link":"https:\/\/www.capigroup.it\/de\/qualitat\/","title":{"rendered":"Qualit\u00e4t"},"content":{"rendered":"<div class=\"wpb-content-wrapper\">[vc_row css=&#8220;.vc_custom_1542103652604{margin-top: 12% !important;}&#8220;][vc_column][vc_column_text]\r\n<h1 class=\"p1\" style=\"text-align: center;\"><span style=\"color: #b22926;\">Bei Capi Group bedeutet Qualit\u00e4t vor allem vollkommene Kundenzufriedenheit.<\/span><\/h1>\r\n[\/vc_column_text][\/vc_column][\/vc_row][vc_row css=&#8220;.vc_custom_1547022253264{margin-top: 3% !important;}&#8220;][vc_column css_animation=&#8220;fadeInUp&#8220;][vc_column_text css=&#8220;.vc_custom_1547022214423{padding-bottom: 40px !important;}&#8220;]\r\n<p class=\"p1\" style=\"text-align: center;\"><span class=\"s1\">Unsere Zertifizierungen sind ein <b>sichtbares und konkretes Zeichen<\/b> daf\u00fcr, dass Forschung und Kundenzufriedenheit f\u00fcr uns von grundlegender Bedeutung sind. Unsere gr\u00f6\u00dfte Bestrebung ist die nach Vollkommenheit in <b>jeder Phase<\/b> des Produktionsprozesses, auch wenn es sich um Sicherheit, <b>Konformit\u00e4t<\/b> und Einhaltung der Rechtsvorschriften handelt.<\/span><\/p>\r\n[\/vc_column_text][vc_row_inner][vc_column_inner width=&#8220;1\/2&#8243;][vc_single_image image=&#8220;3493&#8243; img_size=&#8220;full&#8220; alignment=&#8220;center&#8220; onclick=&#8220;custom_link&#8220; img_link_target=&#8220;_blank&#8220; css=&#8220;&#8220; link=&#8220;https:\/\/www.capigroup.it\/wp-content\/uploads\/2025\/04\/10634_6_A-CAPI-GROUP-S.R.L.pdf&#8220;][\/vc_column_inner][vc_column_inner width=&#8220;1\/2&#8243;][vc_single_image image=&#8220;1933&#8243; img_size=&#8220;full&#8220; alignment=&#8220;center&#8220; onclick=&#8220;custom_link&#8220; img_link_target=&#8220;_blank&#8220; css=&#8220;&#8220; link=&#8220;https:\/\/www.capigroup.it\/wp-content\/uploads\/2025\/04\/ICIM-AUTO-007925-A-03-CAPI-GROUP-S.R.L.-1.pdf&#8220;][\/vc_column_inner][\/vc_row_inner][vc_row_inner][vc_column_inner width=&#8220;1\/2&#8243;][vc_single_image image=&#8220;4690&#8243; img_size=&#8220;full&#8220; alignment=&#8220;center&#8220; onclick=&#8220;custom_link&#8220; img_link_target=&#8220;_blank&#8220; css=&#8220;&#8220; link=&#8220;https:\/\/www.capigroup.it\/wp-content\/uploads\/2025\/07\/UM15_30700938-UM15_EN.pdf&#8220;][\/vc_column_inner][\/vc_row_inner][\/vc_column][\/vc_row][vc_row css_animation=&#8220;bounceInUp&#8220; css=&#8220;.vc_custom_1615463673241{margin-top: 12% !important;}&#8220;][vc_column][vc_column_text]\r\n<h2 class=\"p1\" style=\"text-align: center;\"><span style=\"color: #b22926;\">Measuring the future! <\/span><\/h2>\r\n[\/vc_column_text][vc_empty_space height=&#8220;20px&#8220;][vc_column_text]\r\n<p class=\"p1\" style=\"text-align: center;\">E-Drive-Technologie und Hochleistungssysteme erfordern hervorragende Fertigungs- und Steuerungsleistungen.\r\nAus diesem Grund ist die Messmaschine Klingelnberg P40 der neuesten Generation Teil unserer Instrumentierung.<\/p>\r\n[\/vc_column_text][vc_empty_space height=&#8220;35px&#8220;][vc_row_inner][vc_column_inner width=&#8220;1\/2&#8243;]<div class=\"gem-video gem-wrapbox gem-wrapbox-style-no-style rounded-corners gem-wrapbox-position-below\" style=\"width: 100%;\"><div class=\"gem-wrapbox-inner video-block gem-ratio-style\" style=\"padding-top: 56.25%\"><video width=\"100%\" height=\"100%\" controls=\"controls\" src=\"https:\/\/www.capigroup.it\/wp-content\/uploads\/2023\/07\/p40-1-Klingelnberg-P40-in-Capi-Group-inspections-up-to-400mm-480p.mp4\"  preload=\"none\"><\/video><\/div><\/div>[vc_column_text]\r\n<p class=\"p1\">Neue Prazisionsmesszentrum Klingelnberg P40 in CAPI, bedeutet genaue Inspektion bis 400 mm.<\/p>\r\n[\/vc_column_text][\/vc_column_inner][vc_column_inner width=&#8220;1\/2&#8243;]<div class=\"gem-video gem-wrapbox gem-wrapbox-style-no-style rounded-corners gem-wrapbox-position-below\" style=\"width: 100%;\"><div class=\"gem-wrapbox-inner video-block gem-ratio-style\" style=\"padding-top: 56.25%\"><video width=\"100%\" height=\"100%\" controls=\"controls\" src=\"https:\/\/www.capigroup.it\/wp-content\/uploads\/2023\/07\/P40-2-Klingelnberg-P40-in-Capi-Group-with-roughness-measure-480p.mp4\"  preload=\"none\"><\/video><\/div><\/div>[vc_column_text]\r\n<p class=\"p1\">Klingelnberg P40 mit der M\u00f6glichkeit, die Rauheit und andere erweiterte Optionen zu messen.<\/p>\r\n[\/vc_column_text][\/vc_column_inner][\/vc_row_inner][\/vc_column][\/vc_row][vc_row full_width=&#8220;stretch_row&#8220; gap=&#8220;25&#8243; equal_height=&#8220;yes&#8220; content_placement=&#8220;middle&#8220; css=&#8220;.vc_custom_1547018877160{margin-top: 8% !important;margin-bottom: 0px !important;padding-top: 8% !important;background-color: #181b1e !important;}&#8220;][vc_column width=&#8220;1\/2&#8243; css=&#8220;.vc_custom_1548148614698{background-image: url(https:\/\/www.capigroup.it\/wp-content\/uploads\/2019\/01\/Qualit\u00e0-CapiGroup.jpg?id=952) !important;background-position: center !important;background-repeat: no-repeat !important;background-size: cover !important;}&#8220; offset=&#8220;vc_hidden-sm vc_hidden-xs&#8220;][\/vc_column][vc_column width=&#8220;1\/2&#8243; offset=&#8220;vc_hidden-sm vc_hidden-xs&#8220;][vc_column_text]\r\n<h4><span style=\"color: #ffffff;\">Nach ISO 9001 und IATF\u00a016949 zertifizierte Qualit\u00e4tsmanagementsysteme<\/span><\/h4>\r\n[\/vc_column_text][vc_column_text]<span style=\"color: #ffffff;\">Das Qualit\u00e4tsmanagementsystem bezieht die Aktivit\u00e4ten aller Unternehmensbereiche und -ebenen ein, um zur korrekten Anwendung der Prozesse und zu deren Verbesserung beizutragen.<\/span>\r\n\r\n<span style=\"color: #ffffff;\">Capi Group setzt auf Wachstum und Weiterentwicklung durch eine Politik st\u00e4ndiger Verbesserung und investiert dazu bedeutende Ressourcen in die folgenden Aktivit\u00e4ten:<\/span>[\/vc_column_text][\/vc_column][\/vc_row][vc_row full_width=&#8220;stretch_row&#8220; content_placement=&#8220;top&#8220; css=&#8220;.vc_custom_1548151077643{margin-top: 0px !important;margin-bottom: 0px !important;padding-top: 0px !important;padding-bottom: 0px !important;background-color: #181b1e !important;}&#8220;][vc_column css=&#8220;.vc_custom_1548150768012{margin-top: 0px !important;padding-top: 0px !important;}&#8220; offset=&#8220;vc_hidden-lg vc_hidden-md&#8220;][vc_row_inner][vc_column_inner width=&#8220;1\/2&#8243;][vc_single_image image=&#8220;1176&#8243; img_size=&#8220;full&#8220; css=&#8220;.vc_custom_1548148964179{margin-bottom: 0px !important;padding-bottom: 0px !important;}&#8220;][\/vc_column_inner][vc_column_inner width=&#8220;1\/2&#8243;][vc_column_text css=&#8220;.vc_custom_1548148854155{margin-top: 0px !important;padding-top: 0px !important;}&#8220;]\r\n<h4><span style=\"color: #ffffff;\">Nach ISO 9001 und IATF\u00a016949 zertifizierte Qualit\u00e4tsmanagementsysteme<\/span><\/h4>\r\n[\/vc_column_text][vc_column_text]<span style=\"color: #ffffff;\">Das Qualit\u00e4tsmanagementsystem bezieht die Aktivit\u00e4ten aller Unternehmensbereiche und -ebenen ein, um zur korrekten Anwendung der Prozesse und zu deren Verbesserung beizutragen.<\/span>\r\n\r\n<span style=\"color: #ffffff;\">Capi Group setzt auf Wachstum und Weiterentwicklung durch eine Politik st\u00e4ndiger Verbesserung und investiert dazu bedeutende Ressourcen in die folgenden Aktivit\u00e4ten:<\/span>[\/vc_column_text][\/vc_column_inner][\/vc_row_inner][vc_row_inner css=&#8220;.vc_custom_1548150680694{margin-top: 0px !important;padding-top: 0px !important;}&#8220;][vc_column_inner width=&#8220;1\/2&#8243; css=&#8220;.vc_custom_1548149145028{margin-top: 0px !important;padding-top: 0px !important;}&#8220;]<div class=\"gem-list gem-list-type-check-style-2 gem-list-color-5\" ><ul style=\"font-weight: 600;\">\n<li><span style=\"color: #ffffff;\">Kontinuierliche Messung der Kundenzufriedenheit <\/span><\/li>\n<li><span style=\"color: #ffffff;\">Einbeziehung der Lieferanten in die Qualit\u00e4tsziele <\/span><\/li>\n<li><span style=\"color: #ffffff;\">Entwicklung der Unternehmensprozesse <\/span><\/li>\n<li><span style=\"color: #ffffff;\">St\u00e4ndige Aus- und Weiterbildung des gesamten Personals <\/span><\/li>\n<\/ul>\n<\/div>[\/vc_column_inner][vc_column_inner width=&#8220;1\/2&#8243;]<div class=\"gem-list gem-list-type-check-style-2 gem-list-color-5\" ><ul style=\"font-weight: 600;\">\n<li><span style=\"color: #ffffff;\">Untersuchung neuer Technologien und Produktionsanlagen <\/span><\/li>\n<li><span style=\"color: #ffffff;\">Produkt- und Prozesskontrollen w\u00e4hrend aller Fertigungsschritte <\/span><\/li>\n<li><span style=\"color: #ffffff;\">Regelm\u00e4\u00dfige Wartung der Anlagen und Produktionsausr\u00fcstungen <\/span><\/li>\n<\/ul>\n<\/div>[\/vc_column_inner][\/vc_row_inner][vc_row_inner][vc_column_inner][vc_empty_space height=&#8220;40px&#8220;][\/vc_column_inner][\/vc_row_inner][\/vc_column][\/vc_row][vc_row full_width=&#8220;stretch_row&#8220; content_placement=&#8220;top&#8220; css=&#8220;.vc_custom_1548834830468{margin-top: 0px !important;padding-top: 0px !important;background-color: #181b1e !important;}&#8220;][vc_column css=&#8220;.vc_custom_1548150750283{margin-top: 0px !important;padding-top: 0px !important;}&#8220; offset=&#8220;vc_hidden-sm vc_hidden-xs&#8220;][vc_empty_space height=&#8220;40px&#8220;][vc_row_inner css=&#8220;.vc_custom_1548834825098{margin-top: 0px !important;padding-top: 0px !important;}&#8220;][vc_column_inner width=&#8220;1\/2&#8243; css=&#8220;.vc_custom_1548149145028{margin-top: 0px !important;padding-top: 0px !important;}&#8220;]<div class=\"gem-list gem-list-type-check-style-2 gem-list-color-5\" ><ul style=\"font-weight: 600;\">\n<li><span style=\"color: #ffffff;\">Kontinuierliche Messung der Kundenzufriedenheit <\/span><\/li>\n<li><span style=\"color: #ffffff;\">Einbeziehung der Lieferanten in die Qualit\u00e4tsziele <\/span><\/li>\n<li><span style=\"color: #ffffff;\">Entwicklung der Unternehmensprozesse <\/span><\/li>\n<li><span style=\"color: #ffffff;\">St\u00e4ndige Aus- und Weiterbildung des gesamten Personals <\/span><\/li>\n<\/ul>\n<\/div>[\/vc_column_inner][vc_column_inner width=&#8220;1\/2&#8243;]<div class=\"gem-list gem-list-type-check-style-2 gem-list-color-5\" ><ul style=\"font-weight: 600;\">\n<li><span style=\"color: #ffffff;\">Untersuchung neuer Technologien und Produktionsanlagen <\/span><\/li>\n<li><span style=\"color: #ffffff;\">Produkt- und Prozesskontrollen w\u00e4hrend aller Fertigungsschritte <\/span><\/li>\n<li><span style=\"color: #ffffff;\">Regelm\u00e4\u00dfige Wartung der Anlagen und Produktionsausr\u00fcstungen <\/span><\/li>\n<\/ul>\n<\/div>[\/vc_column_inner][\/vc_row_inner][vc_empty_space height=&#8220;40px&#8220;][\/vc_column][\/vc_row][vc_row css=&#8220;.vc_custom_1542279231739{margin-top: 8% !important;}&#8220;][vc_column css_animation=&#8220;fadeInUp&#8220; offset=&#8220;vc_hidden-sm vc_hidden-xs&#8220;][vc_column_text]\r\n<h3 style=\"text-align: center;\">Einige Kunden von Capi Group<\/h3>\r\n[\/vc_column_text][vc_row_inner css=&#8220;.vc_custom_1547714650537{margin-top: 50px !important;}&#8220;][vc_column_inner width=&#8220;1\/4&#8243;][vc_single_image image=&#8220;1849&#8243; img_size=&#8220;full&#8220; alignment=&#8220;center&#8220;][\/vc_column_inner][vc_column_inner width=&#8220;1\/4&#8243;][vc_single_image image=&#8220;1855&#8243; img_size=&#8220;full&#8220; alignment=&#8220;center&#8220;][\/vc_column_inner][vc_column_inner width=&#8220;1\/4&#8243;][vc_single_image image=&#8220;1876&#8243; img_size=&#8220;full&#8220; alignment=&#8220;center&#8220;][\/vc_column_inner][vc_column_inner width=&#8220;1\/4&#8243;][vc_single_image image=&#8220;1834&#8243; img_size=&#8220;full&#8220; alignment=&#8220;center&#8220;][\/vc_column_inner][\/vc_row_inner][vc_row_inner css=&#8220;.vc_custom_1547714589156{margin-top: 2% !important;margin-bottom: 2% !important;}&#8220;][vc_column_inner width=&#8220;1\/4&#8243;][vc_single_image image=&#8220;1861&#8243; img_size=&#8220;full&#8220; alignment=&#8220;center&#8220;][\/vc_column_inner][vc_column_inner width=&#8220;1\/4&#8243;][vc_single_image image=&#8220;1148&#8243; img_size=&#8220;full&#8220; alignment=&#8220;center&#8220;][\/vc_column_inner][vc_column_inner width=&#8220;1\/4&#8243;][vc_single_image image=&#8220;1714&#8243; img_size=&#8220;full&#8220; alignment=&#8220;center&#8220;][\/vc_column_inner][vc_column_inner width=&#8220;1\/4&#8243;][vc_single_image image=&#8220;1310&#8243; img_size=&#8220;full&#8220; alignment=&#8220;center&#8220;][\/vc_column_inner][\/vc_row_inner][vc_row_inner][vc_column_inner width=&#8220;1\/4&#8243;][vc_single_image image=&#8220;1717&#8243; img_size=&#8220;full&#8220; alignment=&#8220;center&#8220;][\/vc_column_inner][vc_column_inner width=&#8220;1\/4&#8243;][vc_single_image image=&#8220;1145&#8243; img_size=&#8220;full&#8220; alignment=&#8220;center&#8220;][\/vc_column_inner][vc_column_inner width=&#8220;1\/4&#8243;][vc_single_image image=&#8220;1735&#8243; img_size=&#8220;full&#8220; alignment=&#8220;center&#8220;][\/vc_column_inner][vc_column_inner width=&#8220;1\/4&#8243;][vc_single_image image=&#8220;1596&#8243; img_size=&#8220;full&#8220; alignment=&#8220;center&#8220;][\/vc_column_inner][\/vc_row_inner][\/vc_column][\/vc_row][vc_row css=&#8220;.vc_custom_1542279231739{margin-top: 8% !important;}&#8220;][vc_column css_animation=&#8220;fadeInUp&#8220; offset=&#8220;vc_hidden-lg vc_hidden-md&#8220;][vc_column_text]\r\n<h3 style=\"text-align: center;\">Einige Kunden von Capi Group<\/h3>\r\n[\/vc_column_text][vc_row_inner css=&#8220;.vc_custom_1547714650537{margin-top: 50px !important;}&#8220;][vc_column_inner width=&#8220;1\/4&#8243; offset=&#8220;vc_col-xs-6&#8243;][vc_single_image image=&#8220;1849&#8243; img_size=&#8220;full&#8220; alignment=&#8220;center&#8220;][\/vc_column_inner][vc_column_inner width=&#8220;1\/4&#8243; offset=&#8220;vc_col-xs-6&#8243;][vc_single_image image=&#8220;1855&#8243; img_size=&#8220;full&#8220; alignment=&#8220;center&#8220;][\/vc_column_inner][vc_column_inner width=&#8220;1\/4&#8243; offset=&#8220;vc_col-xs-6&#8243;][vc_single_image image=&#8220;1876&#8243; img_size=&#8220;full&#8220; alignment=&#8220;center&#8220;][\/vc_column_inner][vc_column_inner width=&#8220;1\/4&#8243; offset=&#8220;vc_col-xs-6&#8243;][vc_single_image image=&#8220;1834&#8243; img_size=&#8220;full&#8220; alignment=&#8220;center&#8220;][\/vc_column_inner][\/vc_row_inner][vc_row_inner css=&#8220;.vc_custom_1547714589156{margin-top: 2% !important;margin-bottom: 2% !important;}&#8220;][vc_column_inner width=&#8220;1\/4&#8243; offset=&#8220;vc_col-xs-6&#8243;][vc_single_image image=&#8220;1861&#8243; img_size=&#8220;full&#8220; alignment=&#8220;center&#8220;][\/vc_column_inner][vc_column_inner width=&#8220;1\/4&#8243; offset=&#8220;vc_col-xs-6&#8243;][vc_single_image image=&#8220;1148&#8243; img_size=&#8220;full&#8220; alignment=&#8220;center&#8220;][\/vc_column_inner][vc_column_inner width=&#8220;1\/4&#8243; offset=&#8220;vc_col-xs-6&#8243;][vc_single_image image=&#8220;1714&#8243; img_size=&#8220;full&#8220; alignment=&#8220;center&#8220;][\/vc_column_inner][vc_column_inner width=&#8220;1\/4&#8243; offset=&#8220;vc_col-xs-6&#8243;][vc_single_image image=&#8220;1310&#8243; img_size=&#8220;full&#8220; alignment=&#8220;center&#8220;][\/vc_column_inner][\/vc_row_inner][vc_row_inner][vc_column_inner width=&#8220;1\/4&#8243; offset=&#8220;vc_col-xs-6&#8243;][vc_single_image image=&#8220;1717&#8243; img_size=&#8220;full&#8220; alignment=&#8220;center&#8220;][\/vc_column_inner][vc_column_inner width=&#8220;1\/4&#8243; offset=&#8220;vc_col-xs-6&#8243;][vc_single_image image=&#8220;1145&#8243; img_size=&#8220;full&#8220; alignment=&#8220;center&#8220;][\/vc_column_inner][vc_column_inner width=&#8220;1\/4&#8243; offset=&#8220;vc_col-xs-6&#8243;][vc_single_image image=&#8220;1735&#8243; img_size=&#8220;full&#8220; alignment=&#8220;center&#8220;][\/vc_column_inner][vc_column_inner width=&#8220;1\/4&#8243; offset=&#8220;vc_col-xs-6&#8243;][vc_single_image image=&#8220;1596&#8243; img_size=&#8220;full&#8220; alignment=&#8220;center&#8220;][\/vc_column_inner][\/vc_row_inner][\/vc_column][\/vc_row][vc_row full_width=&#8220;stretch_row&#8220; parallax=&#8220;content-moving&#8220; parallax_image=&#8220;1302&#8243; parallax_speed_bg=&#8220;1.2&#8243; css=&#8220;.vc_custom_1548670540063{margin-top: 10% !important;margin-bottom: 0px !important;padding-top: 15% !important;padding-bottom: 15% !important;}&#8220;][vc_column width=&#8220;1\/2&#8243; css_animation=&#8220;fadeInUp&#8220; css=&#8220;.vc_custom_1538468799120{padding-right: 4% !important;padding-left: 4% !important;background-color: #ffffff !important;}&#8220; el_class=&#8220;form&#8220;][vc_column_text css=&#8220;.vc_custom_1546853585685{padding-bottom: 4% !important;}&#8220; el_class=&#8220;testogrande&#8220;]\r\n<h2><span style=\"color: #1d2c32;\">Entwickeln Sie Ihre Komponenten\r\nmit Capi Group<\/span><\/h2>\r\n[\/vc_column_text]\n<div class=\"wpcf7 no-js\" id=\"wpcf7-f7-o1\" lang=\"it-IT\" dir=\"ltr\" data-wpcf7-id=\"7\">\n<div class=\"screen-reader-response\"><p role=\"status\" aria-live=\"polite\" aria-atomic=\"true\"><\/p> <ul><\/ul><\/div>\n<form action=\"\/de\/wp-json\/wp\/v2\/pages\/2119#wpcf7-f7-o1\" method=\"post\" class=\"wpcf7-form init\" aria-label=\"Modulo di contatto\" novalidate=\"novalidate\" data-status=\"init\">\n<fieldset class=\"hidden-fields-container\"><input type=\"hidden\" name=\"_wpcf7\" value=\"7\" \/><input type=\"hidden\" name=\"_wpcf7_version\" value=\"6.1.5\" \/><input type=\"hidden\" name=\"_wpcf7_locale\" value=\"it_IT\" \/><input type=\"hidden\" name=\"_wpcf7_unit_tag\" value=\"wpcf7-f7-o1\" \/><input type=\"hidden\" name=\"_wpcf7_container_post\" value=\"0\" \/><input type=\"hidden\" name=\"_wpcf7_posted_data_hash\" value=\"\" \/>\n<\/fieldset>\n<label> <span class=\"wpcf7-form-control-wrap\" data-name=\"your-name\"><input size=\"40\" maxlength=\"400\" class=\"wpcf7-form-control wpcf7-text wpcf7-validates-as-required\" aria-required=\"true\" aria-invalid=\"false\" placeholder=\"Nome\" value=\"\" type=\"text\" name=\"your-name\" \/><\/span><\/label>\n\n<label> <span class=\"wpcf7-form-control-wrap\" data-name=\"your-mail\"><input size=\"40\" maxlength=\"400\" class=\"wpcf7-form-control wpcf7-text wpcf7-validates-as-required\" aria-required=\"true\" aria-invalid=\"false\" placeholder=\"Mail\" value=\"\" type=\"text\" name=\"your-mail\" \/><\/span><\/label>\n\n<label> <span class=\"wpcf7-form-control-wrap\" data-name=\"your-tel\"><input size=\"40\" maxlength=\"400\" class=\"wpcf7-form-control wpcf7-tel wpcf7-validates-as-required wpcf7-text wpcf7-validates-as-tel\" aria-required=\"true\" aria-invalid=\"false\" placeholder=\"Telefono\" value=\"\" type=\"tel\" name=\"your-tel\" \/><\/span><\/label>\n\n<label> <span class=\"wpcf7-form-control-wrap\" data-name=\"your-text\"><textarea cols=\"40\" rows=\"10\" maxlength=\"2000\" class=\"wpcf7-form-control wpcf7-textarea wpcf7-validates-as-required\" aria-required=\"true\" aria-invalid=\"false\" placeholder=\"Di cosa hai bisogno?\" name=\"your-text\"><\/textarea><\/span> <\/label>\n\n<span class=\"wpcf7-form-control-wrap\" data-name=\"acceptance-819\"><span class=\"wpcf7-form-control wpcf7-acceptance\"><span class=\"wpcf7-list-item\"><label><input type=\"checkbox\" name=\"acceptance-819\" value=\"1\" aria-invalid=\"false\" \/><span class=\"wpcf7-list-item-label\">L'interessato ha preso visione dell'informativa sulla <a href=\"\/wp-content\/uploads\/2020\/07\/Capi_informativa-contatti.pdf\" target=\"_blank\">Privacy<\/a> redatta ai sensi dell\u2019art. 13 del G.D.P.R. 679\/2016.<\/span><\/label><\/span><\/span><\/span>\n\n<span class=\"wpcf7-form-control-wrap\" data-name=\"hcap-cf7\">\t\t<input\n\t\t\t\ttype=\"hidden\"\n\t\t\t\tclass=\"hcaptcha-widget-id\"\n\t\t\t\tname=\"hcaptcha-widget-id\"\n\t\t\t\tvalue=\"eyJzb3VyY2UiOlsiY29udGFjdC1mb3JtLTdcL3dwLWNvbnRhY3QtZm9ybS03LnBocCJdLCJmb3JtX2lkIjo3fQ==-3876f4da40c1605f2b55c1bd7aeae7a9\">\n\t\t\t\t<span id=\"hcap_cf7-69e05cdd3e64b8.49306962\" class=\"wpcf7-form-control h-captcha \"\n\t\t\tdata-sitekey=\"d295d906-cb8f-4623-8f4a-66200275d427\"\n\t\t\tdata-theme=\"light\"\n\t\t\tdata-size=\"normal\"\n\t\t\tdata-auto=\"false\"\n\t\t\tdata-ajax=\"false\"\n\t\t\tdata-force=\"false\">\n\t\t<\/span>\n\t\t<input type=\"hidden\" id=\"_wpnonce\" name=\"_wpnonce\" value=\"7d06d3a8ff\" \/><input type=\"hidden\" name=\"_wp_http_referer\" value=\"\/de\/wp-json\/wp\/v2\/pages\/2119\" \/><\/span><input class=\"wpcf7-form-control wpcf7-submit has-spinner\" type=\"submit\" value=\"Invia\" \/><div class=\"wpcf7-response-output\" aria-hidden=\"true\"><\/div>\n<\/form>\n<\/div>\n[\/vc_column][vc_column width=&#8220;1\/2&#8243;][\/vc_column][\/vc_row]<\/div>","protected":false},"excerpt":{"rendered":"<p>[vc_row css=&#8220;.vc_custom_1542103652604{margin-top: 12% !important;}&#8220;][vc_column][vc_column_text] Bei Capi Group bedeutet Qualit\u00e4t vor allem vollkommene Kundenzufriedenheit. [\/vc_column_text][\/vc_column][\/vc_row][vc_row css=&#8220;.vc_custom_1547022253264{margin-top: 3% !important;}&#8220;][vc_column css_animation=&#8220;fadeInUp&#8220;][vc_column_text&#8230;<\/p>\n","protected":false},"author":1,"featured_media":0,"parent":0,"menu_order":0,"comment_status":"closed","ping_status":"closed","template":"","meta":{"iawp_total_views":40,"footnotes":""},"class_list":["post-2119","page","type-page","status-publish"],"yoast_head":"<!-- This site is optimized with the Yoast SEO plugin v27.4 - https:\/\/yoast.com\/product\/yoast-seo-wordpress\/ -->\n<title>Qualit\u00e4t - Capi Group<\/title>\n<meta name=\"description\" content=\"Bei Capi Group bedeutet Qualit\u00e4t vor allem vollkommene Kundenzufriedenheit.\" \/>\n<meta name=\"robots\" content=\"index, follow, max-snippet:-1, max-image-preview:large, max-video-preview:-1\" \/>\n<link rel=\"canonical\" href=\"https:\/\/www.capigroup.it\/qualita\/\" \/>\n<meta property=\"og:locale\" content=\"de_DE\" \/>\n<meta property=\"og:type\" content=\"article\" \/>\n<meta property=\"og:title\" content=\"Qualit\u00e4t - Capi Group\" \/>\n<meta property=\"og:description\" content=\"Bei Capi Group bedeutet Qualit\u00e4t vor allem vollkommene Kundenzufriedenheit.\" \/>\n<meta property=\"og:url\" content=\"https:\/\/www.capigroup.it\/qualita\/\" \/>\n<meta property=\"og:site_name\" content=\"Capi Group\" \/>\n<meta property=\"article:modified_time\" content=\"2025-07-21T07:35:00+00:00\" \/>\n<meta name=\"twitter:card\" content=\"summary_large_image\" \/>\n<meta name=\"twitter:label1\" content=\"Gesch\u00e4tzte Lesezeit\" \/>\n\t<meta name=\"twitter:data1\" content=\"4\u00a0Minuten\" \/>\n<script type=\"application\/ld+json\" class=\"yoast-schema-graph\">{\"@context\":\"https:\\\/\\\/schema.org\",\"@graph\":[{\"@type\":\"WebPage\",\"@id\":\"https:\\\/\\\/www.capigroup.it\\\/qualita\\\/\",\"url\":\"https:\\\/\\\/www.capigroup.it\\\/qualita\\\/\",\"name\":\"Qualit\u00e4t - Capi Group\",\"isPartOf\":{\"@id\":\"https:\\\/\\\/www.capigroup.it\\\/#website\"},\"datePublished\":\"2019-02-18T12:35:31+00:00\",\"dateModified\":\"2025-07-21T07:35:00+00:00\",\"description\":\"Bei Capi Group bedeutet Qualit\u00e4t vor allem vollkommene Kundenzufriedenheit.\",\"breadcrumb\":{\"@id\":\"https:\\\/\\\/www.capigroup.it\\\/qualita\\\/#breadcrumb\"},\"inLanguage\":\"de\",\"potentialAction\":[{\"@type\":\"ReadAction\",\"target\":[\"https:\\\/\\\/www.capigroup.it\\\/qualita\\\/\"]}]},{\"@type\":\"BreadcrumbList\",\"@id\":\"https:\\\/\\\/www.capigroup.it\\\/qualita\\\/#breadcrumb\",\"itemListElement\":[{\"@type\":\"ListItem\",\"position\":1,\"name\":\"Home\",\"item\":\"https:\\\/\\\/www.capigroup.it\\\/de\\\/\"},{\"@type\":\"ListItem\",\"position\":2,\"name\":\"Qualit\u00e4t\"}]},{\"@type\":\"WebSite\",\"@id\":\"https:\\\/\\\/www.capigroup.it\\\/#website\",\"url\":\"https:\\\/\\\/www.capigroup.it\\\/\",\"name\":\"Capi Group\",\"description\":\"Corone epicicloidali personalizzate e su misura\",\"potentialAction\":[{\"@type\":\"SearchAction\",\"target\":{\"@type\":\"EntryPoint\",\"urlTemplate\":\"https:\\\/\\\/www.capigroup.it\\\/?s={search_term_string}\"},\"query-input\":{\"@type\":\"PropertyValueSpecification\",\"valueRequired\":true,\"valueName\":\"search_term_string\"}}],\"inLanguage\":\"de\"}]}<\/script>\n<!-- \/ Yoast SEO plugin. -->","yoast_head_json":{"title":"Qualit\u00e4t - Capi Group","description":"Bei Capi Group bedeutet Qualit\u00e4t vor allem vollkommene Kundenzufriedenheit.","robots":{"index":"index","follow":"follow","max-snippet":"max-snippet:-1","max-image-preview":"max-image-preview:large","max-video-preview":"max-video-preview:-1"},"canonical":"https:\/\/www.capigroup.it\/qualita\/","og_locale":"de_DE","og_type":"article","og_title":"Qualit\u00e4t - Capi Group","og_description":"Bei Capi Group bedeutet Qualit\u00e4t vor allem vollkommene Kundenzufriedenheit.","og_url":"https:\/\/www.capigroup.it\/qualita\/","og_site_name":"Capi Group","article_modified_time":"2025-07-21T07:35:00+00:00","twitter_card":"summary_large_image","twitter_misc":{"Gesch\u00e4tzte Lesezeit":"4\u00a0Minuten"},"schema":{"@context":"https:\/\/schema.org","@graph":[{"@type":"WebPage","@id":"https:\/\/www.capigroup.it\/qualita\/","url":"https:\/\/www.capigroup.it\/qualita\/","name":"Qualit\u00e4t - Capi Group","isPartOf":{"@id":"https:\/\/www.capigroup.it\/#website"},"datePublished":"2019-02-18T12:35:31+00:00","dateModified":"2025-07-21T07:35:00+00:00","description":"Bei Capi Group bedeutet Qualit\u00e4t vor allem vollkommene Kundenzufriedenheit.","breadcrumb":{"@id":"https:\/\/www.capigroup.it\/qualita\/#breadcrumb"},"inLanguage":"de","potentialAction":[{"@type":"ReadAction","target":["https:\/\/www.capigroup.it\/qualita\/"]}]},{"@type":"BreadcrumbList","@id":"https:\/\/www.capigroup.it\/qualita\/#breadcrumb","itemListElement":[{"@type":"ListItem","position":1,"name":"Home","item":"https:\/\/www.capigroup.it\/de\/"},{"@type":"ListItem","position":2,"name":"Qualit\u00e4t"}]},{"@type":"WebSite","@id":"https:\/\/www.capigroup.it\/#website","url":"https:\/\/www.capigroup.it\/","name":"Capi Group","description":"Corone epicicloidali personalizzate e su misura","potentialAction":[{"@type":"SearchAction","target":{"@type":"EntryPoint","urlTemplate":"https:\/\/www.capigroup.it\/?s={search_term_string}"},"query-input":{"@type":"PropertyValueSpecification","valueRequired":true,"valueName":"search_term_string"}}],"inLanguage":"de"}]}},"jetpack_sharing_enabled":true,"_links":{"self":[{"href":"https:\/\/www.capigroup.it\/de\/wp-json\/wp\/v2\/pages\/2119","targetHints":{"allow":["GET"]}}],"collection":[{"href":"https:\/\/www.capigroup.it\/de\/wp-json\/wp\/v2\/pages"}],"about":[{"href":"https:\/\/www.capigroup.it\/de\/wp-json\/wp\/v2\/types\/page"}],"author":[{"embeddable":true,"href":"https:\/\/www.capigroup.it\/de\/wp-json\/wp\/v2\/users\/1"}],"replies":[{"embeddable":true,"href":"https:\/\/www.capigroup.it\/de\/wp-json\/wp\/v2\/comments?post=2119"}],"version-history":[{"count":13,"href":"https:\/\/www.capigroup.it\/de\/wp-json\/wp\/v2\/pages\/2119\/revisions"}],"predecessor-version":[{"id":4693,"href":"https:\/\/www.capigroup.it\/de\/wp-json\/wp\/v2\/pages\/2119\/revisions\/4693"}],"wp:attachment":[{"href":"https:\/\/www.capigroup.it\/de\/wp-json\/wp\/v2\/media?parent=2119"}],"curies":[{"name":"wp","href":"https:\/\/api.w.org\/{rel}","templated":true}]}}