{"id":2978,"date":"2019-03-01T10:45:03","date_gmt":"2019-03-01T09:45:03","guid":{"rendered":"https:\/\/www.capigroup.it\/?page_id=2978"},"modified":"2024-06-07T07:29:20","modified_gmt":"2024-06-07T06:29:20","slug":"behandlung-personenbezogener-daten","status":"publish","type":"page","link":"https:\/\/www.capigroup.it\/de\/behandlung-personenbezogener-daten\/","title":{"rendered":"Behandlung personenbezogener Daten"},"content":{"rendered":"<div class=\"wpb-content-wrapper\">[vc_row css=&#8220;.vc_custom_1542103652604{margin-top: 12% !important;}&#8220;][vc_column][vc_column_text]\r\n<h1 class=\"p1\" style=\"text-align: center;\"><span style=\"color: #b22926;\">Behandlung personenbezogener Daten<\/span><\/h1>\r\n[\/vc_column_text][vc_empty_space height=&#8220;50px&#8220;][\/vc_column][\/vc_row][vc_row gap=&#8220;20&#8243; css=&#8220;.vc_custom_1595488135633{margin-top: 3% !important;}&#8220;][vc_column width=&#8220;1\/5&#8243; css_animation=&#8220;bottom-to-top&#8220; css=&#8220;.vc_custom_1595918276149{padding-top: 50px !important;padding-bottom: 15px !important;}&#8220;][vc_icon type=&#8220;material&#8220; icon_material=&#8220;gem-print-icon gem-icon-pack-material mdi-file-pdf&#8220; color=&#8220;custom&#8220; size=&#8220;xl&#8220; align=&#8220;center&#8220; css_animation=&#8220;none&#8220; custom_color=&#8220;#181b1f&#8220; link=&#8220;url:https%3A%2F%2Fwww.capigroup.it%2Fwp-content%2Fuploads%2F2020%2F07%2FCapi_informativa-contatti_ENG.pdf||target:%20_blank|&#8220; css=&#8220;.vc_custom_1595492404129{margin-bottom: 0px !important;padding-bottom: 20px !important;}&#8220;][vc_wp_text]\r\n<p style=\"text-align: center;\"><span style=\"color: #181b1f;\"><a style=\"color: #181b1f;\" href=\"https:\/\/www.capigroup.it\/wp-content\/uploads\/2020\/07\/Capi_informativa-contatti_ENG.pdf\" target=\"_blank\" rel=\"noopener noreferrer\">CONTACT INFORMATION\r\n<\/a><\/span><\/p>\r\n[\/vc_wp_text][\/vc_column][vc_column width=&#8220;1\/5&#8243; css_animation=&#8220;bottom-to-top&#8220; css=&#8220;.vc_custom_1595918284623{padding-top: 50px !important;padding-bottom: 15px !important;}&#8220;][vc_icon type=&#8220;material&#8220; icon_material=&#8220;gem-print-icon gem-icon-pack-material mdi-link-variant&#8220; color=&#8220;custom&#8220; size=&#8220;xl&#8220; align=&#8220;center&#8220; css_animation=&#8220;none&#8220; custom_color=&#8220;#181b1f&#8220; link=&#8220;url:https%3A%2F%2Fwww.iubenda.com%2Fprivacy-policy%2F29101029%2Fcookie-policy%3Fan%3Dno%26s_ck%3Dfalse%26newmarkup%3Dyes|target:_blank&#8220; css=&#8220;.vc_custom_1689581111050{margin-bottom: 0px !important;padding-bottom: 20px !important;}&#8220;][vc_wp_text]\r\n<p style=\"text-align: center;\"><span style=\"color: #181b1f;\"><a style=\"color: #181b1f;\" href=\"https:\/\/www.iubenda.com\/privacy-policy\/29101029\/cookie-policy?an=no&amp;s_ck=false&amp;newmarkup=yes\" target=\"_blank\" rel=\"noopener noreferrer\">COOKIE POLICY<\/a><\/span><\/p>\r\n[\/vc_wp_text][\/vc_column][vc_column width=&#8220;1\/5&#8243; css_animation=&#8220;bottom-to-top&#8220; css=&#8220;.vc_custom_1595918292151{padding-top: 50px !important;padding-bottom: 15px !important;}&#8220; el_class=&#8220;blocco&#8220;][vc_icon type=&#8220;material&#8220; icon_material=&#8220;gem-print-icon gem-icon-pack-material mdi-file-pdf&#8220; color=&#8220;custom&#8220; size=&#8220;xl&#8220; align=&#8220;center&#8220; css_animation=&#8220;none&#8220; custom_color=&#8220;#181b1f&#8220; link=&#8220;url:https%3A%2F%2Fwww.capigroup.it%2Fwp-content%2Fuploads%2F2020%2F07%2FCapi_informativa-curricula_ENG.pdf||target:%20_blank|&#8220; css=&#8220;.vc_custom_1595492378783{margin-bottom: 0px !important;padding-bottom: 20px !important;}&#8220;][vc_wp_text]\r\n<p style=\"text-align: center;\"><span style=\"color: #181b1f;\"><a style=\"color: #181b1f;\" href=\"https:\/\/www.capigroup.it\/wp-content\/uploads\/2020\/07\/Capi_informativa-curricula_ENG.pdf\" target=\"_blank\" rel=\"noopener noreferrer\">CURRICULA STATEMENT<\/a><\/span><\/p>\r\n[\/vc_wp_text][\/vc_column][vc_column width=&#8220;1\/5&#8243; css_animation=&#8220;bottom-to-top&#8220; css=&#8220;.vc_custom_1595918298962{padding-top: 40px !important;padding-bottom: 10px !important;}&#8220;][vc_icon type=&#8220;material&#8220; icon_material=&#8220;gem-print-icon gem-icon-pack-material mdi-file-pdf&#8220; color=&#8220;custom&#8220; size=&#8220;xl&#8220; align=&#8220;center&#8220; css_animation=&#8220;none&#8220; custom_color=&#8220;#181b1f&#8220; link=&#8220;url:https%3A%2F%2Fwww.capigroup.it%2Fwp-content%2Fuploads%2F2020%2F07%2FCapi_informativa-clienti-fornitori_ENG.pdf||target:%20_blank|&#8220; css=&#8220;.vc_custom_1595492387673{margin-bottom: 0px !important;padding-bottom: 20px !important;}&#8220;][vc_wp_text]\r\n<p style=\"text-align: center; line-height: 1.4;\"><span style=\"color: #181b1f;\"><a style=\"color: #181b1f;\" href=\"https:\/\/www.capigroup.it\/wp-content\/uploads\/2020\/07\/Capi_informativa-clienti-fornitori_ENG.pdf\" target=\"_blank\" rel=\"noopener noreferrer\">CUSTOMER &#8211; SUPPLIER STATEMENT<\/a><\/span><\/p>\r\n[\/vc_wp_text][\/vc_column][vc_column width=&#8220;1\/5&#8243; css_animation=&#8220;bottom-to-top&#8220; css=&#8220;.vc_custom_1717741690852{padding-top: 40px !important;padding-bottom: 10px !important;}&#8220;][vc_icon type=&#8220;material&#8220; icon_material=&#8220;gem-print-icon gem-icon-pack-material mdi-file-pdf&#8220; color=&#8220;custom&#8220; size=&#8220;xl&#8220; align=&#8220;center&#8220; css_animation=&#8220;none&#8220; custom_color=&#8220;#181b1f&#8220; link=&#8220;url:https%3A%2F%2Fwww.capigroup.it%2Fwp-content%2Fuploads%2F2024%2F06%2Finformativa-CAPI-videosorveglianza.pdf|target:_blank&#8220; css=&#8220;.vc_custom_1717741707180{margin-bottom: 0px !important;padding-bottom: 20px !important;}&#8220;][vc_wp_text]\r\n<p style=\"text-align: center; line-height: 1.4;\"><span style=\"color: #181b1f;\"><a style=\"color: #181b1f;\" href=\"https:\/\/www.capigroup.it\/wp-content\/uploads\/2024\/06\/informativa-CAPI-videosorveglianza.pdf\" target=\"_blank\" rel=\"noopener noreferrer\">VIDEO SURVEILLANCE INFORMATION<\/a><\/span><\/p>\r\n[\/vc_wp_text][\/vc_column][\/vc_row][vc_row css=&#8220;.vc_custom_1542103652604{margin-top: 12% !important;}&#8220;][vc_column][vc_empty_space height=&#8220;50px&#8220;][\/vc_column][\/vc_row]<\/div>","protected":false},"excerpt":{"rendered":"<p>[vc_row css=&#8220;.vc_custom_1542103652604{margin-top: 12% !important;}&#8220;][vc_column][vc_column_text] Behandlung personenbezogener Daten [\/vc_column_text][vc_empty_space height=&#8220;50px&#8220;][\/vc_column][\/vc_row][vc_row gap=&#8220;20&#8243; css=&#8220;.vc_custom_1595488135633{margin-top: 3% !important;}&#8220;][vc_column width=&#8220;1\/5&#8243; css_animation=&#8220;bottom-to-top&#8220; css=&#8220;.vc_custom_1595918276149{padding-top: 50px !important;padding-bottom:&#8230;<\/p>\n","protected":false},"author":1,"featured_media":0,"parent":0,"menu_order":0,"comment_status":"closed","ping_status":"closed","template":"","meta":{"iawp_total_views":19,"footnotes":""},"class_list":["post-2978","page","type-page","status-publish"],"yoast_head":"<!-- This site is optimized with the Yoast SEO plugin v27.4 - https:\/\/yoast.com\/product\/yoast-seo-wordpress\/ -->\n<title>Behandlung personenbezogener Daten - Alle Informationen zur Datenverarbeitung<\/title>\n<meta name=\"description\" content=\"F\u00fcr die Capi Group ist die Vertraulichkeit sehr wichtig. Wir sch\u00fctzen und Ihre Daten sch\u00fctzen, ohne sie zu Marketingzwecken zu verwenden.\" \/>\n<meta name=\"robots\" content=\"index, follow, max-snippet:-1, max-image-preview:large, max-video-preview:-1\" \/>\n<link rel=\"canonical\" href=\"https:\/\/www.capigroup.it\/trattamento-dati-personali\/\" \/>\n<meta property=\"og:locale\" content=\"de_DE\" \/>\n<meta property=\"og:type\" content=\"article\" \/>\n<meta property=\"og:title\" content=\"Behandlung personenbezogener Daten - Alle Informationen zur Datenverarbeitung\" \/>\n<meta property=\"og:description\" content=\"F\u00fcr die Capi Group ist die Vertraulichkeit sehr wichtig. Wir sch\u00fctzen und Ihre Daten sch\u00fctzen, ohne sie zu Marketingzwecken zu verwenden.\" \/>\n<meta property=\"og:url\" content=\"https:\/\/www.capigroup.it\/trattamento-dati-personali\/\" \/>\n<meta property=\"og:site_name\" content=\"Capi Group\" \/>\n<meta property=\"article:modified_time\" content=\"2024-06-07T06:29:20+00:00\" \/>\n<meta name=\"twitter:card\" content=\"summary_large_image\" \/>\n<meta name=\"twitter:label1\" content=\"Gesch\u00e4tzte Lesezeit\" \/>\n\t<meta name=\"twitter:data1\" content=\"1\u00a0Minute\" \/>\n<script type=\"application\/ld+json\" class=\"yoast-schema-graph\">{\"@context\":\"https:\\\/\\\/schema.org\",\"@graph\":[{\"@type\":\"WebPage\",\"@id\":\"https:\\\/\\\/www.capigroup.it\\\/trattamento-dati-personali\\\/\",\"url\":\"https:\\\/\\\/www.capigroup.it\\\/trattamento-dati-personali\\\/\",\"name\":\"Behandlung personenbezogener Daten - Alle Informationen zur Datenverarbeitung\",\"isPartOf\":{\"@id\":\"https:\\\/\\\/www.capigroup.it\\\/#website\"},\"datePublished\":\"2019-03-01T09:45:03+00:00\",\"dateModified\":\"2024-06-07T06:29:20+00:00\",\"description\":\"F\u00fcr die Capi Group ist die Vertraulichkeit sehr wichtig. Wir sch\u00fctzen und Ihre Daten sch\u00fctzen, ohne sie zu Marketingzwecken zu verwenden.\",\"breadcrumb\":{\"@id\":\"https:\\\/\\\/www.capigroup.it\\\/trattamento-dati-personali\\\/#breadcrumb\"},\"inLanguage\":\"de\",\"potentialAction\":[{\"@type\":\"ReadAction\",\"target\":[\"https:\\\/\\\/www.capigroup.it\\\/trattamento-dati-personali\\\/\"]}]},{\"@type\":\"BreadcrumbList\",\"@id\":\"https:\\\/\\\/www.capigroup.it\\\/trattamento-dati-personali\\\/#breadcrumb\",\"itemListElement\":[{\"@type\":\"ListItem\",\"position\":1,\"name\":\"Home\",\"item\":\"https:\\\/\\\/www.capigroup.it\\\/de\\\/\"},{\"@type\":\"ListItem\",\"position\":2,\"name\":\"Behandlung personenbezogener Daten\"}]},{\"@type\":\"WebSite\",\"@id\":\"https:\\\/\\\/www.capigroup.it\\\/#website\",\"url\":\"https:\\\/\\\/www.capigroup.it\\\/\",\"name\":\"Capi Group\",\"description\":\"Corone epicicloidali personalizzate e su misura\",\"potentialAction\":[{\"@type\":\"SearchAction\",\"target\":{\"@type\":\"EntryPoint\",\"urlTemplate\":\"https:\\\/\\\/www.capigroup.it\\\/?s={search_term_string}\"},\"query-input\":{\"@type\":\"PropertyValueSpecification\",\"valueRequired\":true,\"valueName\":\"search_term_string\"}}],\"inLanguage\":\"de\"}]}<\/script>\n<!-- \/ Yoast SEO plugin. -->","yoast_head_json":{"title":"Behandlung personenbezogener Daten - Alle Informationen zur Datenverarbeitung","description":"F\u00fcr die Capi Group ist die Vertraulichkeit sehr wichtig. Wir sch\u00fctzen und Ihre Daten sch\u00fctzen, ohne sie zu Marketingzwecken zu verwenden.","robots":{"index":"index","follow":"follow","max-snippet":"max-snippet:-1","max-image-preview":"max-image-preview:large","max-video-preview":"max-video-preview:-1"},"canonical":"https:\/\/www.capigroup.it\/trattamento-dati-personali\/","og_locale":"de_DE","og_type":"article","og_title":"Behandlung personenbezogener Daten - Alle Informationen zur Datenverarbeitung","og_description":"F\u00fcr die Capi Group ist die Vertraulichkeit sehr wichtig. Wir sch\u00fctzen und Ihre Daten sch\u00fctzen, ohne sie zu Marketingzwecken zu verwenden.","og_url":"https:\/\/www.capigroup.it\/trattamento-dati-personali\/","og_site_name":"Capi Group","article_modified_time":"2024-06-07T06:29:20+00:00","twitter_card":"summary_large_image","twitter_misc":{"Gesch\u00e4tzte Lesezeit":"1\u00a0Minute"},"schema":{"@context":"https:\/\/schema.org","@graph":[{"@type":"WebPage","@id":"https:\/\/www.capigroup.it\/trattamento-dati-personali\/","url":"https:\/\/www.capigroup.it\/trattamento-dati-personali\/","name":"Behandlung personenbezogener Daten - Alle Informationen zur Datenverarbeitung","isPartOf":{"@id":"https:\/\/www.capigroup.it\/#website"},"datePublished":"2019-03-01T09:45:03+00:00","dateModified":"2024-06-07T06:29:20+00:00","description":"F\u00fcr die Capi Group ist die Vertraulichkeit sehr wichtig. Wir sch\u00fctzen und Ihre Daten sch\u00fctzen, ohne sie zu Marketingzwecken zu verwenden.","breadcrumb":{"@id":"https:\/\/www.capigroup.it\/trattamento-dati-personali\/#breadcrumb"},"inLanguage":"de","potentialAction":[{"@type":"ReadAction","target":["https:\/\/www.capigroup.it\/trattamento-dati-personali\/"]}]},{"@type":"BreadcrumbList","@id":"https:\/\/www.capigroup.it\/trattamento-dati-personali\/#breadcrumb","itemListElement":[{"@type":"ListItem","position":1,"name":"Home","item":"https:\/\/www.capigroup.it\/de\/"},{"@type":"ListItem","position":2,"name":"Behandlung personenbezogener Daten"}]},{"@type":"WebSite","@id":"https:\/\/www.capigroup.it\/#website","url":"https:\/\/www.capigroup.it\/","name":"Capi Group","description":"Corone epicicloidali personalizzate e su misura","potentialAction":[{"@type":"SearchAction","target":{"@type":"EntryPoint","urlTemplate":"https:\/\/www.capigroup.it\/?s={search_term_string}"},"query-input":{"@type":"PropertyValueSpecification","valueRequired":true,"valueName":"search_term_string"}}],"inLanguage":"de"}]}},"jetpack_sharing_enabled":true,"_links":{"self":[{"href":"https:\/\/www.capigroup.it\/de\/wp-json\/wp\/v2\/pages\/2978","targetHints":{"allow":["GET"]}}],"collection":[{"href":"https:\/\/www.capigroup.it\/de\/wp-json\/wp\/v2\/pages"}],"about":[{"href":"https:\/\/www.capigroup.it\/de\/wp-json\/wp\/v2\/types\/page"}],"author":[{"embeddable":true,"href":"https:\/\/www.capigroup.it\/de\/wp-json\/wp\/v2\/users\/1"}],"replies":[{"embeddable":true,"href":"https:\/\/www.capigroup.it\/de\/wp-json\/wp\/v2\/comments?post=2978"}],"version-history":[{"count":20,"href":"https:\/\/www.capigroup.it\/de\/wp-json\/wp\/v2\/pages\/2978\/revisions"}],"predecessor-version":[{"id":4572,"href":"https:\/\/www.capigroup.it\/de\/wp-json\/wp\/v2\/pages\/2978\/revisions\/4572"}],"wp:attachment":[{"href":"https:\/\/www.capigroup.it\/de\/wp-json\/wp\/v2\/media?parent=2978"}],"curies":[{"name":"wp","href":"https:\/\/api.w.org\/{rel}","templated":true}]}}